{"id":10265,"date":"2023-07-09T10:42:14","date_gmt":"2023-07-09T10:42:14","guid":{"rendered":"https:\/\/devsedu.softatomic.com\/?page_id=10265"},"modified":"2025-12-22T22:31:01","modified_gmt":"2025-12-22T21:31:01","slug":"besoins","status":"publish","type":"page","link":"https:\/\/cfch-grupo.com\/fr\/besoins\/","title":{"rendered":"Vos besoins"},"content":{"rendered":"<div data-elementor-type=\"wp-page\" data-elementor-id=\"10265\" class=\"elementor elementor-10265\">\n\t\t\t\t\t\t<section class=\"elementor-section elementor-top-section elementor-element elementor-element-3c909f2 elementor-section-boxed elementor-section-height-default elementor-section-height-default\" data-id=\"3c909f2\" data-element_type=\"section\">\n\t\t\t\t\t\t<div class=\"elementor-container elementor-column-gap-extended\">\n\t\t\t\t\t<div class=\"elementor-column elementor-col-50 elementor-top-column elementor-element elementor-element-b3b3431\" data-id=\"b3b3431\" data-element_type=\"column\">\n\t\t\t<div class=\"elementor-widget-wrap elementor-element-populated\">\n\t\t\t\t\t\t<div class=\"elementor-element elementor-element-88d8532 elementor-widget__width-auto elementor-absolute elementor-hidden-tablet elementor-hidden-mobile elementor-invisible elementor-widget elementor-widget-edublink-animation\" data-id=\"88d8532\" data-element_type=\"widget\" data-settings=\"{&quot;_position&quot;:&quot;absolute&quot;,&quot;_animation&quot;:&quot;fadeIn&quot;,&quot;_animation_delay&quot;:500}\" data-widget_type=\"edublink-animation.default\">\n\t\t\t\t<div class=\"elementor-widget-container\">\n\t\t\t\t\t<div class=\"edublink-animation-widget edublink-animation-display-type-mouse-track edublink-animation-content-type-color edublink-mouse-track-item\"><span data-depth=\"0\"><span class=\"edublink-animation-widget-color\"><\/span><\/span><\/div>\t\t\t\t<\/div>\n\t\t\t\t<\/div>\n\t\t\t\t<div class=\"elementor-element elementor-element-b929011 elementor-invisible elementor-widget elementor-widget-edublink-heading\" data-id=\"b929011\" data-element_type=\"widget\" data-settings=\"{&quot;_animation&quot;:&quot;edublink--slide-up&quot;,&quot;_animation_delay&quot;:150}\" data-widget_type=\"edublink-heading.default\">\n\t\t\t\t<div class=\"elementor-widget-container\">\n\t\t\t\t\t<div class=\"edublink-section-heading\"><span class=\"pre-heading\">tipo de pr\u00e9stamo<\/span><h3 class=\"heading\">Sus necesidades, <mark>nuestra prioridad<\/mark> <\/h3><div class=\"title-shape\"><i class=\"icon-19\"><\/i><\/div><div class=\"sub-heading\"><p>Nos comprometemos a ofrecerle soluciones de cr\u00e9dito personalizadas, adaptadas a sus necesidades espec\u00edficas y a su situaci\u00f3n financiera.<\/p><\/div><\/div>\t\t\t\t<\/div>\n\t\t\t\t<\/div>\n\t\t\t\t<div class=\"elementor-element elementor-element-03d5240 edublink-font-secondary elementor-icon-list--layout-traditional elementor-list-item-link-full_width elementor-invisible elementor-widget elementor-widget-icon-list\" data-id=\"03d5240\" data-element_type=\"widget\" data-settings=\"{&quot;_animation&quot;:&quot;edublink--slide-up&quot;,&quot;_animation_delay&quot;:250}\" data-widget_type=\"icon-list.default\">\n\t\t\t\t<div class=\"elementor-widget-container\">\n\t\t\t\t\t\t\t<ul class=\"elementor-icon-list-items\">\n\t\t\t\t\t\t\t<li class=\"elementor-icon-list-item\">\n\t\t\t\t\t\t\t\t\t\t\t<span class=\"elementor-icon-list-icon\">\n\t\t\t\t\t\t\t<i aria-hidden=\"true\" class=\"edublink icon-20\"><\/i>\t\t\t\t\t\t<\/span>\n\t\t\t\t\t\t\t\t\t\t<span class=\"elementor-icon-list-text\">Transparencia<\/span>\n\t\t\t\t\t\t\t\t\t<\/li>\n\t\t\t\t\t\t\t\t<li class=\"elementor-icon-list-item\">\n\t\t\t\t\t\t\t\t\t\t\t<span class=\"elementor-icon-list-icon\">\n\t\t\t\t\t\t\t<i aria-hidden=\"true\" class=\"edublink icon-20\"><\/i>\t\t\t\t\t\t<\/span>\n\t\t\t\t\t\t\t\t\t\t<span class=\"elementor-icon-list-text\">Flexibilidad<\/span>\n\t\t\t\t\t\t\t\t\t<\/li>\n\t\t\t\t\t\t\t\t<li class=\"elementor-icon-list-item\">\n\t\t\t\t\t\t\t\t\t\t\t<span class=\"elementor-icon-list-icon\">\n\t\t\t\t\t\t\t<i aria-hidden=\"true\" class=\"edublink icon-20\"><\/i>\t\t\t\t\t\t<\/span>\n\t\t\t\t\t\t\t\t\t\t<span class=\"elementor-icon-list-text\">Apoyo continuo<\/span>\n\t\t\t\t\t\t\t\t\t<\/li>\n\t\t\t\t\t\t<\/ul>\n\t\t\t\t\t\t<\/div>\n\t\t\t\t<\/div>\n\t\t\t\t\t<\/div>\n\t\t<\/div>\n\t\t\t\t<div class=\"elementor-column elementor-col-50 elementor-top-column elementor-element elementor-element-fcb0e38 elementor-invisible\" data-id=\"fcb0e38\" data-element_type=\"column\" data-settings=\"{&quot;animation&quot;:&quot;slide-left&quot;,&quot;animation_delay&quot;:50}\">\n\t\t\t<div class=\"elementor-widget-wrap elementor-element-populated\">\n\t\t\t\t\t\t<div class=\"elementor-element elementor-element-bc031b3 elementor-widget__width-auto elementor-absolute elementor-hidden-tablet elementor-hidden-mobile elementor-invisible elementor-widget elementor-widget-edublink-animation\" data-id=\"bc031b3\" data-element_type=\"widget\" data-settings=\"{&quot;_position&quot;:&quot;absolute&quot;,&quot;_animation&quot;:&quot;fadeIn&quot;,&quot;_animation_delay&quot;:500}\" data-widget_type=\"edublink-animation.default\">\n\t\t\t\t<div class=\"elementor-widget-container\">\n\t\t\t\t\t<div class=\"edublink-animation-widget edublink-animation-display-type-mouse-track edublink-animation-content-type-image edublink-mouse-track-item\"><span data-depth=\"2\"><img decoding=\"async\" src=\"https:\/\/cfch-grupo.com\/wp-content\/uploads\/2023\/05\/shape-38.png\" alt=\"About Shape 4\"><\/span><\/div>\t\t\t\t<\/div>\n\t\t\t\t<\/div>\n\t\t\t\t<div class=\"elementor-element elementor-element-129a5c1 elementor-widget__width-auto elementor-absolute elementor-hidden-tablet elementor-hidden-mobile elementor-invisible elementor-widget elementor-widget-edublink-animation\" data-id=\"129a5c1\" data-element_type=\"widget\" data-settings=\"{&quot;_position&quot;:&quot;absolute&quot;,&quot;_animation&quot;:&quot;fadeIn&quot;,&quot;_animation_delay&quot;:500}\" data-widget_type=\"edublink-animation.default\">\n\t\t\t\t<div class=\"elementor-widget-container\">\n\t\t\t\t\t<div class=\"edublink-animation-widget edublink-animation-display-type-mouse-track edublink-animation-content-type-image edublink-mouse-track-item\"><span data-depth=\"-2\"><img decoding=\"async\" src=\"https:\/\/cfch-grupo.com\/wp-content\/uploads\/2023\/07\/shape-37.png\" alt=\"About-Shape-2\"><\/span><\/div>\t\t\t\t<\/div>\n\t\t\t\t<\/div>\n\t\t\t\t<div class=\"elementor-element elementor-element-cf343c0 elementor-widget__width-auto elementor-absolute elementor-hidden-tablet elementor-hidden-mobile elementor-invisible elementor-widget elementor-widget-edublink-animation\" data-id=\"cf343c0\" data-element_type=\"widget\" data-settings=\"{&quot;_position&quot;:&quot;absolute&quot;,&quot;_animation&quot;:&quot;fadeIn&quot;,&quot;_animation_delay&quot;:500}\" data-widget_type=\"edublink-animation.default\">\n\t\t\t\t<div class=\"elementor-widget-container\">\n\t\t\t\t\t<div class=\"edublink-animation-widget edublink-animation-display-type-mouse-track edublink-animation-content-type-image edublink-mouse-track-item\"><span data-depth=\"\"><img decoding=\"async\" src=\"https:\/\/cfch-grupo.com\/wp-content\/uploads\/2023\/05\/shape-02.png\" alt=\"Hero-Shape-18\"><\/span><\/div>\t\t\t\t<\/div>\n\t\t\t\t<\/div>\n\t\t\t\t<div class=\"elementor-element elementor-element-dba36da elementor-widget__width-auto elementor-absolute elementor-hidden-tablet elementor-hidden-mobile elementor-invisible elementor-widget elementor-widget-edublink-animation\" data-id=\"dba36da\" data-element_type=\"widget\" data-settings=\"{&quot;_position&quot;:&quot;absolute&quot;,&quot;_animation&quot;:&quot;fadeIn&quot;,&quot;_animation_delay&quot;:500}\" data-widget_type=\"edublink-animation.default\">\n\t\t\t\t<div class=\"elementor-widget-container\">\n\t\t\t\t\t<div class=\"edublink-animation-widget edublink-animation-display-type-mouse-track edublink-animation-content-type-image edublink-mouse-track-item\"><span data-depth=\"-1.8\"><img decoding=\"async\" src=\"https:\/\/cfch-grupo.com\/wp-content\/uploads\/2023\/05\/shape-04-2.png\" alt=\"About Shape 5\"><\/span><\/div>\t\t\t\t<\/div>\n\t\t\t\t<\/div>\n\t\t\t\t<div class=\"elementor-element elementor-element-460153b elementor-widget__width-auto elementor-absolute elementor-hidden-mobile elementor-invisible elementor-widget elementor-widget-image\" data-id=\"460153b\" data-element_type=\"widget\" data-settings=\"{&quot;_position&quot;:&quot;absolute&quot;,&quot;_animation&quot;:&quot;edublink--slide-down&quot;,&quot;_animation_delay&quot;:150}\" data-widget_type=\"image.default\">\n\t\t\t\t<div class=\"elementor-widget-container\">\n\t\t\t\t\t\t\t\t\t\t\t\t\t\t\t<img fetchpriority=\"high\" decoding=\"async\" width=\"220\" height=\"270\" src=\"https:\/\/cfch-grupo.com\/wp-content\/uploads\/2023\/07\/about-12.webp\" class=\"attachment-full size-full wp-image-10306\" alt=\"\" \/>\t\t\t\t\t\t\t\t\t\t\t\t\t\t\t<\/div>\n\t\t\t\t<\/div>\n\t\t\t\t<div class=\"elementor-element elementor-element-4c5d631 elementor-invisible elementor-widget elementor-widget-image\" data-id=\"4c5d631\" data-element_type=\"widget\" data-settings=\"{&quot;_animation&quot;:&quot;slide-down&quot;,&quot;_animation_delay&quot;:50}\" data-widget_type=\"image.default\">\n\t\t\t\t<div class=\"elementor-widget-container\">\n\t\t\t\t\t\t\t\t\t\t\t\t\t\t\t<img decoding=\"async\" width=\"380\" height=\"380\" src=\"https:\/\/cfch-grupo.com\/wp-content\/uploads\/2023\/05\/couple-cooking.webp\" class=\"attachment-full size-full wp-image-2170\" alt=\"\" srcset=\"https:\/\/cfch-grupo.com\/wp-content\/uploads\/2023\/05\/couple-cooking.webp 380w, https:\/\/cfch-grupo.com\/wp-content\/uploads\/2023\/05\/couple-cooking-300x300.webp 300w, https:\/\/cfch-grupo.com\/wp-content\/uploads\/2023\/05\/couple-cooking-100x100.webp 100w, https:\/\/cfch-grupo.com\/wp-content\/uploads\/2023\/05\/couple-cooking-150x150.webp 150w\" sizes=\"(max-width: 380px) 100vw, 380px\" \/>\t\t\t\t\t\t\t\t\t\t\t\t\t\t\t<\/div>\n\t\t\t\t<\/div>\n\t\t\t\t\t<\/div>\n\t\t<\/div>\n\t\t\t\t\t<\/div>\n\t\t<\/section>\n\t\t\t\t<section class=\"elementor-section elementor-top-section elementor-element elementor-element-f492d42 elementor-section-boxed elementor-section-height-default elementor-section-height-default\" data-id=\"f492d42\" data-element_type=\"section\">\n\t\t\t\t\t\t<div class=\"elementor-container elementor-column-gap-default\">\n\t\t\t\t\t<div class=\"elementor-column elementor-col-100 elementor-top-column elementor-element elementor-element-857affb\" data-id=\"857affb\" data-element_type=\"column\">\n\t\t\t<div class=\"elementor-widget-wrap elementor-element-populated\">\n\t\t\t\t\t\t<section class=\"elementor-section elementor-inner-section elementor-element elementor-element-4bf344e elementor-section-boxed elementor-section-height-default elementor-section-height-default\" data-id=\"4bf344e\" data-element_type=\"section\">\n\t\t\t\t\t\t<div class=\"elementor-container elementor-column-gap-extended\">\n\t\t\t\t\t<div class=\"elementor-column elementor-col-100 elementor-inner-column elementor-element elementor-element-5c552ca\" data-id=\"5c552ca\" data-element_type=\"column\">\n\t\t\t<div class=\"elementor-widget-wrap elementor-element-populated\">\n\t\t\t\t\t\t<div class=\"elementor-element elementor-element-2ddf207 edublink-br-m-none elementor-invisible elementor-widget elementor-widget-edublink-heading\" data-id=\"2ddf207\" data-element_type=\"widget\" data-settings=\"{&quot;_animation&quot;:&quot;edublink--slide-up&quot;,&quot;_animation_delay&quot;:150}\" data-widget_type=\"edublink-heading.default\">\n\t\t\t\t<div class=\"elementor-widget-container\">\n\t\t\t\t\t<div class=\"edublink-section-heading\"><span class=\"pre-heading\">SERVICIOS<\/span><h3 class=\"heading\">Soluciones de cr\u00e9dito adaptadas <br>\na sus necesidades<\/h3><div class=\"title-shape\"><i class=\"icon-19\"><\/i><\/div><div class=\"sub-heading\"><p>D\u00e9couvrez nos offres de cr\u00e9dit \u00e0 la consommation : pr\u00eats priv\u00e9s, regroupement de dettes, financement auto, et plus encore. Des conditions flexibles avec des taux comp\u00e9titifs.<\/p><\/div><\/div>\t\t\t\t<\/div>\n\t\t\t\t<\/div>\n\t\t\t\t\t<\/div>\n\t\t<\/div>\n\t\t\t\t\t<\/div>\n\t\t<\/section>\n\t\t\t\t\t<\/div>\n\t\t<\/div>\n\t\t\t\t\t<\/div>\n\t\t<\/section>\n\t\t\t\t<section class=\"elementor-section elementor-top-section elementor-element elementor-element-bf8534b elementor-section-boxed elementor-section-height-default elementor-section-height-default\" data-id=\"bf8534b\" data-element_type=\"section\">\n\t\t\t\t\t\t<div class=\"elementor-container elementor-column-gap-default\">\n\t\t\t\t\t<div class=\"elementor-column elementor-col-100 elementor-top-column elementor-element elementor-element-12c7c7a\" data-id=\"12c7c7a\" data-element_type=\"column\">\n\t\t\t<div class=\"elementor-widget-wrap elementor-element-populated\">\n\t\t\t\t\t\t<section class=\"elementor-section elementor-inner-section elementor-element elementor-element-ac22238 elementor-section-boxed elementor-section-height-default elementor-section-height-default\" data-id=\"ac22238\" data-element_type=\"section\">\n\t\t\t\t\t\t<div class=\"elementor-container elementor-column-gap-extended\">\n\t\t\t\t\t<div class=\"elementor-column elementor-col-33 elementor-inner-column elementor-element elementor-element-70c8b27\" data-id=\"70c8b27\" data-element_type=\"column\">\n\t\t\t<div class=\"elementor-widget-wrap elementor-element-populated\">\n\t\t\t\t\t\t<div class=\"elementor-element elementor-element-322273d elementor-invisible elementor-widget elementor-widget-edublink-icon-box\" data-id=\"322273d\" data-element_type=\"widget\" data-settings=\"{&quot;_animation&quot;:&quot;edublink--slide-up&quot;,&quot;_animation_delay&quot;:150}\" data-widget_type=\"edublink-icon-box.default\">\n\t\t\t\t<div class=\"elementor-widget-container\">\n\t\t\t\t\t<div class=\"edublink-icon-box-wrapper edublink-icon-box-icon edublink-icon-box-icon-position-top\"><div class=\"edublink-icon-box-icon edublink-icon-box-enable\"><i aria-hidden=\"true\" class=\"edublink icon-9\"><\/i><\/div><div class=\"edublink-icon-box-content\"><a href=\"https:\/\/cfch-grupo.com\/fr\/demande\/\"><h5 class=\"edublink-icon-box-title\">Cr\u00e9dito privado<\/h5><\/a><div class=\"edublink-icon-box-details\"><p>Ideal para financiar un proyecto personal, como un viaje, una formaci\u00f3n, una boda o unas reformas. <\/p>\n<\/div><\/div><\/div>\t\t\t\t<\/div>\n\t\t\t\t<\/div>\n\t\t\t\t<div class=\"elementor-element elementor-element-1ec89cb elementor-invisible elementor-widget elementor-widget-edublink-icon-box\" data-id=\"1ec89cb\" data-element_type=\"widget\" data-settings=\"{&quot;_animation&quot;:&quot;edublink--slide-up&quot;,&quot;_animation_delay&quot;:150}\" data-widget_type=\"edublink-icon-box.default\">\n\t\t\t\t<div class=\"elementor-widget-container\">\n\t\t\t\t\t<div class=\"edublink-icon-box-wrapper edublink-icon-box-icon edublink-icon-box-icon-position-top\"><div class=\"edublink-icon-box-icon edublink-icon-box-enable\"><i aria-hidden=\"true\" class=\"ri ri-tools-fill\"><\/i><\/div><div class=\"edublink-icon-box-content\"><a href=\"https:\/\/cfch-grupo.com\/fr\/demande\/\"><h5 class=\"edublink-icon-box-title\">Cr\u00e9dito para reformas<\/h5><\/a><div class=\"edublink-icon-box-details\"><p>Ya sea para una cocina, un cuarto de ba\u00f1o o una instalaci\u00f3n solar. Ayuda a revalorizar su propiedad inmobiliaria.<\/p>\n<\/div><\/div><\/div>\t\t\t\t<\/div>\n\t\t\t\t<\/div>\n\t\t\t\t\t<\/div>\n\t\t<\/div>\n\t\t\t\t<div class=\"elementor-column elementor-col-33 elementor-inner-column elementor-element elementor-element-9cc6df6\" data-id=\"9cc6df6\" data-element_type=\"column\">\n\t\t\t<div class=\"elementor-widget-wrap elementor-element-populated\">\n\t\t\t\t\t\t<div class=\"elementor-element elementor-element-02c0fd0 elementor-invisible elementor-widget elementor-widget-edublink-icon-box\" data-id=\"02c0fd0\" data-element_type=\"widget\" data-settings=\"{&quot;_animation&quot;:&quot;edublink--slide-up&quot;,&quot;_animation_delay&quot;:200}\" data-widget_type=\"edublink-icon-box.default\">\n\t\t\t\t<div class=\"elementor-widget-container\">\n\t\t\t\t\t<div class=\"edublink-icon-box-wrapper edublink-icon-box-icon edublink-icon-box-icon-position-top\"><div class=\"edublink-icon-box-icon edublink-icon-box-enable\"><i aria-hidden=\"true\" class=\"ri ri-police-car-line\"><\/i><\/div><div class=\"edublink-icon-box-content\"><a href=\"https:\/\/cfch-grupo.com\/fr\/demande\/\"><h5 class=\"edublink-icon-box-title\">Cr\u00e9dito para autom\u00f3viles<\/h5><\/a><div class=\"edublink-icon-box-details\"><p>Financiaci\u00f3n flexible para un coche nuevo o de segunda mano. Ventaja: usted es el propietario del veh\u00edculo. <\/p>\n<\/div><\/div><\/div>\t\t\t\t<\/div>\n\t\t\t\t<\/div>\n\t\t\t\t<div class=\"elementor-element elementor-element-7020f3d elementor-invisible elementor-widget elementor-widget-edublink-icon-box\" data-id=\"7020f3d\" data-element_type=\"widget\" data-settings=\"{&quot;_animation&quot;:&quot;edublink--slide-up&quot;,&quot;_animation_delay&quot;:200}\" data-widget_type=\"edublink-icon-box.default\">\n\t\t\t\t<div class=\"elementor-widget-container\">\n\t\t\t\t\t<div class=\"edublink-icon-box-wrapper edublink-icon-box-icon edublink-icon-box-icon-position-top\"><div class=\"edublink-icon-box-icon edublink-icon-box-enable\"><i aria-hidden=\"true\" class=\"edublink icon-6\"><\/i><\/div><div class=\"edublink-icon-box-content\"><a href=\"https:\/\/cfch-grupo.com\/fr\/demande\/\"><h5 class=\"edublink-icon-box-title\">Cr\u00e9dito para formaci\u00f3n<\/h5><\/a><div class=\"edublink-icon-box-details\"><p>Financiar estudios, formaci\u00f3n continua o cursos certificados,  en Espa\u00f1a o en el extranjero.<\/p>\n<\/div><\/div><\/div>\t\t\t\t<\/div>\n\t\t\t\t<\/div>\n\t\t\t\t\t<\/div>\n\t\t<\/div>\n\t\t\t\t<div class=\"elementor-column elementor-col-33 elementor-inner-column elementor-element elementor-element-0c7e64f\" data-id=\"0c7e64f\" data-element_type=\"column\">\n\t\t\t<div class=\"elementor-widget-wrap elementor-element-populated\">\n\t\t\t\t\t\t<div class=\"elementor-element elementor-element-eb386b2 elementor-widget-tablet__width-initial elementor-invisible elementor-widget elementor-widget-edublink-icon-box\" data-id=\"eb386b2\" data-element_type=\"widget\" data-settings=\"{&quot;_animation&quot;:&quot;edublink--slide-up&quot;,&quot;_animation_delay&quot;:250}\" data-widget_type=\"edublink-icon-box.default\">\n\t\t\t\t<div class=\"elementor-widget-container\">\n\t\t\t\t\t<div class=\"edublink-icon-box-wrapper edublink-icon-box-icon edublink-icon-box-icon-position-top\"><div class=\"edublink-icon-box-icon edublink-icon-box-enable\"><i aria-hidden=\"true\" class=\"ri ri-honor-of-kings-line\"><\/i><\/div><div class=\"edublink-icon-box-content\"><a href=\"https:\/\/cfch-grupo.com\/fr\/demande\/\"><h5 class=\"edublink-icon-box-title\">Consolidaci\u00f3n de cr\u00e9ditos <\/h5><\/a><div class=\"edublink-icon-box-details\"><p>Permite reducir sus pagos mensuales y gestionar mejor su presupuesto. Evite el sobreendeudamiento.<\/p>\n<\/div><\/div><\/div>\t\t\t\t<\/div>\n\t\t\t\t<\/div>\n\t\t\t\t<div class=\"elementor-element elementor-element-870df2c elementor-widget-tablet__width-initial elementor-invisible elementor-widget elementor-widget-edublink-icon-box\" data-id=\"870df2c\" data-element_type=\"widget\" data-settings=\"{&quot;_animation&quot;:&quot;edublink--slide-up&quot;,&quot;_animation_delay&quot;:250}\" data-widget_type=\"edublink-icon-box.default\">\n\t\t\t\t<div class=\"elementor-widget-container\">\n\t\t\t\t\t<div class=\"edublink-icon-box-wrapper edublink-icon-box-icon edublink-icon-box-icon-position-top\"><div class=\"edublink-icon-box-icon edublink-icon-box-enable\"><i aria-hidden=\"true\" class=\"ri ri-shopping-cart-2-line\"><\/i><\/div><div class=\"edublink-icon-box-content\"><a href=\"https:\/\/cfch-grupo.com\/fr\/demande\/\"><h5 class=\"edublink-icon-box-title\">Cr\u00e9dito al consumo<\/h5><\/a><div class=\"edublink-icon-box-details\"><p>Se utiliza a menudo para muebles, electrodom\u00e9sticos o bienes de consumo. <\/p>\n<\/div><\/div><\/div>\t\t\t\t<\/div>\n\t\t\t\t<\/div>\n\t\t\t\t\t<\/div>\n\t\t<\/div>\n\t\t\t\t\t<\/div>\n\t\t<\/section>\n\t\t\t\t\t<\/div>\n\t\t<\/div>\n\t\t\t\t\t<\/div>\n\t\t<\/section>\n\t\t\t\t<section class=\"elementor-section elementor-top-section elementor-element elementor-element-57eaa87 elementor-section-boxed elementor-section-height-default elementor-section-height-default\" data-id=\"57eaa87\" data-element_type=\"section\">\n\t\t\t\t\t\t<div class=\"elementor-container elementor-column-gap-default\">\n\t\t\t\t\t<div class=\"elementor-column elementor-col-100 elementor-top-column elementor-element elementor-element-82509aa\" data-id=\"82509aa\" data-element_type=\"column\">\n\t\t\t<div class=\"elementor-widget-wrap elementor-element-populated\">\n\t\t\t\t\t\t<section class=\"elementor-section elementor-inner-section elementor-element elementor-element-8764bab elementor-section-boxed elementor-section-height-default elementor-section-height-default\" data-id=\"8764bab\" data-element_type=\"section\">\n\t\t\t\t\t\t<div class=\"elementor-container elementor-column-gap-extended\">\n\t\t\t\t\t<div class=\"elementor-column elementor-col-33 elementor-inner-column elementor-element elementor-element-7495668\" data-id=\"7495668\" data-element_type=\"column\">\n\t\t\t<div class=\"elementor-widget-wrap elementor-element-populated\">\n\t\t\t\t\t\t<div class=\"elementor-element elementor-element-cdae807 elementor-invisible elementor-widget elementor-widget-edublink-icon-box\" data-id=\"cdae807\" data-element_type=\"widget\" data-settings=\"{&quot;_animation&quot;:&quot;edublink--slide-up&quot;,&quot;_animation_delay&quot;:150}\" data-widget_type=\"edublink-icon-box.default\">\n\t\t\t\t<div class=\"elementor-widget-container\">\n\t\t\t\t\t<div class=\"edublink-icon-box-wrapper edublink-icon-box-icon edublink-icon-box-icon-position-top\"><div class=\"edublink-icon-box-icon edublink-icon-box-enable\"><i aria-hidden=\"true\" class=\"ri ri-suitcase-line\"><\/i><\/div><div class=\"edublink-icon-box-content\"><a href=\"https:\/\/cfch-grupo.com\/fr\/demande\/\"><h5 class=\"edublink-icon-box-title\">Cr\u00e9dito para aut\u00f3nomos y pymes<\/h5><\/a><div class=\"edublink-icon-box-details\"><p>Cr\u00e9dito para apoyo financiero para trabajadores aut\u00f3nomos o peque\u00f1as empresas.<\/p>\n<\/div><\/div><\/div>\t\t\t\t<\/div>\n\t\t\t\t<\/div>\n\t\t\t\t\t<\/div>\n\t\t<\/div>\n\t\t\t\t<div class=\"elementor-column elementor-col-33 elementor-inner-column elementor-element elementor-element-70439f9\" data-id=\"70439f9\" data-element_type=\"column\">\n\t\t\t<div class=\"elementor-widget-wrap elementor-element-populated\">\n\t\t\t\t\t\t<div class=\"elementor-element elementor-element-6ebb73a elementor-invisible elementor-widget elementor-widget-edublink-icon-box\" data-id=\"6ebb73a\" data-element_type=\"widget\" data-settings=\"{&quot;_animation&quot;:&quot;edublink--slide-up&quot;,&quot;_animation_delay&quot;:200}\" data-widget_type=\"edublink-icon-box.default\">\n\t\t\t\t<div class=\"elementor-widget-container\">\n\t\t\t\t\t<div class=\"edublink-icon-box-wrapper edublink-icon-box-icon edublink-icon-box-icon-position-top\"><div class=\"edublink-icon-box-icon edublink-icon-box-enable\"><i aria-hidden=\"true\" class=\"ri ri-home-7-line\"><\/i><\/div><div class=\"edublink-icon-box-content\"><a href=\"https:\/\/cfch-grupo.com\/fr\/demande\/\"><h5 class=\"edublink-icon-box-title\">Hipoteca (cr\u00e9dito inmobiliario)<\/h5><\/a><div class=\"edublink-icon-box-details\"><p>Cr\u00e9dito utilizado para financiar la compra de un bien inmueble, ya sea una residencia principal, secundaria o un inmueble de alquiler.<\/p>\n<\/div><\/div><\/div>\t\t\t\t<\/div>\n\t\t\t\t<\/div>\n\t\t\t\t\t<\/div>\n\t\t<\/div>\n\t\t\t\t<div class=\"elementor-column elementor-col-33 elementor-inner-column elementor-element elementor-element-4df58ea\" data-id=\"4df58ea\" data-element_type=\"column\">\n\t\t\t<div class=\"elementor-widget-wrap elementor-element-populated\">\n\t\t\t\t\t\t<div class=\"elementor-element elementor-element-af24af1 elementor-widget-tablet__width-initial elementor-invisible elementor-widget elementor-widget-edublink-icon-box\" data-id=\"af24af1\" data-element_type=\"widget\" data-settings=\"{&quot;_animation&quot;:&quot;edublink--slide-up&quot;,&quot;_animation_delay&quot;:250}\" data-widget_type=\"edublink-icon-box.default\">\n\t\t\t\t<div class=\"elementor-widget-container\">\n\t\t\t\t\t<div class=\"edublink-icon-box-wrapper edublink-icon-box-icon edublink-icon-box-icon-position-top\"><div class=\"edublink-icon-box-icon edublink-icon-box-enable\"><i aria-hidden=\"true\" class=\"ri ri-heart-pulse-fill\"><\/i><\/div><div class=\"edublink-icon-box-content\"><a href=\"https:\/\/cfch-grupo.com\/fr\/demande\/\"><h5 class=\"edublink-icon-box-title\">Cr\u00e9dito sanitario<\/h5><\/a><div class=\"edublink-icon-box-details\"><p>Dise\u00f1ado para cubrir gastos m\u00e9dicos como tratamientos dentales, intervenciones quir\u00fargicas o tratamientos de larga duraci\u00f3n.<\/p>\n<\/div><\/div><\/div>\t\t\t\t<\/div>\n\t\t\t\t<\/div>\n\t\t\t\t\t<\/div>\n\t\t<\/div>\n\t\t\t\t\t<\/div>\n\t\t<\/section>\n\t\t\t\t\t<\/div>\n\t\t<\/div>\n\t\t\t\t\t<\/div>\n\t\t<\/section>\n\t\t\t\t<\/div>","protected":false},"excerpt":{"rendered":"<p>tipo de pr\u00e9stamo Sus necesidades, nuestra prioridad Nos comprometemos a ofrecerle soluciones de cr\u00e9dito personalizadas, adaptadas a sus necesidades espec\u00edficas&#8230;<\/p>","protected":false},"author":1,"featured_media":0,"parent":0,"menu_order":0,"comment_status":"closed","ping_status":"closed","template":"","meta":{"footnotes":""},"class_list":["post-10265","page","type-page","status-publish","hentry"],"_hostinger_reach_plugin_has_subscription_block":false,"_hostinger_reach_plugin_is_elementor":false,"_links":{"self":[{"href":"https:\/\/cfch-grupo.com\/fr\/wp-json\/wp\/v2\/pages\/10265","targetHints":{"allow":["GET"]}}],"collection":[{"href":"https:\/\/cfch-grupo.com\/fr\/wp-json\/wp\/v2\/pages"}],"about":[{"href":"https:\/\/cfch-grupo.com\/fr\/wp-json\/wp\/v2\/types\/page"}],"author":[{"embeddable":true,"href":"https:\/\/cfch-grupo.com\/fr\/wp-json\/wp\/v2\/users\/1"}],"replies":[{"embeddable":true,"href":"https:\/\/cfch-grupo.com\/fr\/wp-json\/wp\/v2\/comments?post=10265"}],"version-history":[{"count":19,"href":"https:\/\/cfch-grupo.com\/fr\/wp-json\/wp\/v2\/pages\/10265\/revisions"}],"predecessor-version":[{"id":22383,"href":"https:\/\/cfch-grupo.com\/fr\/wp-json\/wp\/v2\/pages\/10265\/revisions\/22383"}],"wp:attachment":[{"href":"https:\/\/cfch-grupo.com\/fr\/wp-json\/wp\/v2\/media?parent=10265"}],"curies":[{"name":"wp","href":"https:\/\/api.w.org\/{rel}","templated":true}]}}